{"id":258,"date":"2024-01-26T16:31:17","date_gmt":"2024-01-26T15:31:17","guid":{"rendered":"https:\/\/phil-ea.fr\/?page_id=258"},"modified":"2024-01-27T18:41:52","modified_gmt":"2024-01-27T17:41:52","slug":"1926-1945","status":"publish","type":"page","link":"https:\/\/phil-ea.fr\/index.php\/histoire\/1926-1945\/","title":{"rendered":"1926-1945"},"content":{"rendered":"\n<h4 class=\"wp-block-heading has-text-align-center\"><strong>Timbres sp\u00e9cifiques \u00ab&nbsp;Alg\u00e9rie Postes&nbsp;\u00bb<\/strong><\/h4>\n\n\n\n<p> Les premiers timbres sp\u00e9cifiques \u00ab&nbsp;Alg\u00e9rie Postes&nbsp;\u00bb sont \u00e9dit\u00e9s \u00e0 partir de 1926&nbsp;: ils repr\u00e9sentent des vues d\u2019Alger&nbsp;: &nbsp; <\/p>\n\n\n\n<p>&#8211; rue de la Kasbah, <\/p>\n\n\n\n<p>&#8211; Mosqu\u00e9e Sidi Abd\u00e9rahman, <\/p>\n\n\n\n<p>&#8211; Mosqu\u00e9e de la P\u00eacherie, <\/p>\n\n\n\n<p>&#8211; vue prise de Mustapha Sup\u00e9rieur. &nbsp; <\/p>\n\n\n<div class=\"wp-block-image\">\n<figure class=\"aligncenter size-full\"><img loading=\"lazy\" decoding=\"async\" width=\"260\" height=\"349\" src=\"https:\/\/phil-ea.fr\/wp-content\/uploads\/2024\/01\/1926-1945-1.jpg\" alt=\"\" class=\"wp-image-259\" srcset=\"https:\/\/phil-ea.fr\/wp-content\/uploads\/2024\/01\/1926-1945-1.jpg 260w, https:\/\/phil-ea.fr\/wp-content\/uploads\/2024\/01\/1926-1945-1-223x300.jpg 223w\" sizes=\"auto, (max-width: 260px) 100vw, 260px\" \/><\/figure>\n<\/div>\n\n\n<p>Au total 55 timbres sont \u00e9dit\u00e9s, num\u00e9rot\u00e9s de 34 \u00e0 86 (avec 2 num\u00e9ros doubl\u00e9s). Ces graphismes seront r\u00e9guli\u00e8rement r\u00e9utilis\u00e9s au cours des ann\u00e9es suivantes. &nbsp;<\/p>\n\n\n<div class=\"wp-block-image\">\n<figure class=\"aligncenter size-full is-resized\"><img loading=\"lazy\" decoding=\"async\" width=\"486\" height=\"292\" src=\"https:\/\/phil-ea.fr\/wp-content\/uploads\/2024\/01\/1926-1945-2.jpg\" alt=\"\" class=\"wp-image-260\" style=\"width:500px\" srcset=\"https:\/\/phil-ea.fr\/wp-content\/uploads\/2024\/01\/1926-1945-2.jpg 486w, https:\/\/phil-ea.fr\/wp-content\/uploads\/2024\/01\/1926-1945-2-300x180.jpg 300w\" sizes=\"auto, (max-width: 486px) 100vw, 486px\" \/><figcaption class=\"wp-element-caption\"><em>Lettre sur entier postal avec Mosqu\u00e9e de la P\u00eacherie, post\u00e9e \u00e0 Alger le 22 mars 1932.<\/em><\/figcaption><\/figure>\n<\/div>\n\n\n<p><strong><u>1930 &#8211; La S\u00e9rie du centenaire<\/u><\/strong><\/p>\n\n\n<div class=\"wp-block-image\">\n<figure class=\"aligncenter size-full\"><img loading=\"lazy\" decoding=\"async\" width=\"301\" height=\"384\" src=\"https:\/\/phil-ea.fr\/wp-content\/uploads\/2024\/01\/1926-1945-3.jpg\" alt=\"\" class=\"wp-image-261\" srcset=\"https:\/\/phil-ea.fr\/wp-content\/uploads\/2024\/01\/1926-1945-3.jpg 301w, https:\/\/phil-ea.fr\/wp-content\/uploads\/2024\/01\/1926-1945-3-235x300.jpg 235w\" sizes=\"auto, (max-width: 301px) 100vw, 301px\" \/><\/figure>\n<\/div>\n\n\n<p>A l\u2019occasion du centenaire de la prise de Sidi-Ferruch, 13 timbres sont \u00e9dit\u00e9s, qui repr\u00e9sentent des monuments du pays, exception faite pour une repr\u00e9sentation de Guerriers Touareg. Puis c\u2019est le port d\u2019Alger qui est choisi pour \u00eatre, symboliquement, repr\u00e9sent\u00e9 sur le timbre N\u00b0 100. Ces timbres \u00e9taient vendus uniquement par souscription, laquelle donnait droit \u00e0 l\u2019entr\u00e9e \u00e0 l\u2019exposition comm\u00e9morative. Ces graphismes ne seront pas repris dans les ann\u00e9es ult\u00e9rieures. <\/p>\n\n\n<div class=\"wp-block-image\">\n<figure class=\"aligncenter size-full is-resized\"><img loading=\"lazy\" decoding=\"async\" width=\"478\" height=\"364\" src=\"https:\/\/phil-ea.fr\/wp-content\/uploads\/2024\/01\/1926-1945-4.jpg\" alt=\"\" class=\"wp-image-262\" style=\"width:500px\" srcset=\"https:\/\/phil-ea.fr\/wp-content\/uploads\/2024\/01\/1926-1945-4.jpg 478w, https:\/\/phil-ea.fr\/wp-content\/uploads\/2024\/01\/1926-1945-4-300x228.jpg 300w\" sizes=\"auto, (max-width: 478px) 100vw, 478px\" \/><figcaption class=\"wp-element-caption\"><em>Lettre dat\u00e9e du 18 sept 1937, annon\u00e7ant le centenaire de Constantine,<\/em> <em>avec le timbre de cette comm\u00e9moration.<\/em><\/figcaption><\/figure>\n<\/div>\n\n\n<p>Ce n\u2019est qu\u2019\u00e0 partir de 1936 que sont dessin\u00e9s de nouveaux graphismes, avec une s\u00e9rie de 8 \u00ab<strong><u>&nbsp;Sites et paysages<\/u><\/strong>&nbsp;\u00bb, dont certains seront repris au cours des ann\u00e9es suivantes. Jusqu\u2019en 1939, quelques \u00e9v\u00e9nements feront l\u2019objet d\u2019un timbre&nbsp;: centenaire de Constantine, centenaire de Philippeville, expositions internationales, etc. <\/p>\n\n\n<div class=\"wp-block-image\">\n<figure class=\"aligncenter size-full\"><img loading=\"lazy\" decoding=\"async\" width=\"253\" height=\"356\" src=\"https:\/\/phil-ea.fr\/wp-content\/uploads\/2024\/01\/1926-1945-5.jpg\" alt=\"\" class=\"wp-image-264\" srcset=\"https:\/\/phil-ea.fr\/wp-content\/uploads\/2024\/01\/1926-1945-5.jpg 253w, https:\/\/phil-ea.fr\/wp-content\/uploads\/2024\/01\/1926-1945-5-213x300.jpg 213w\" sizes=\"auto, (max-width: 253px) 100vw, 253px\" \/><\/figure>\n<\/div>\n\n<div class=\"wp-block-image\">\n<figure class=\"aligncenter size-full is-resized\"><img loading=\"lazy\" decoding=\"async\" width=\"478\" height=\"368\" src=\"https:\/\/phil-ea.fr\/wp-content\/uploads\/2024\/01\/1926-1945-7.jpg\" alt=\"\" class=\"wp-image-268\" style=\"width:500px\" srcset=\"https:\/\/phil-ea.fr\/wp-content\/uploads\/2024\/01\/1926-1945-7.jpg 478w, https:\/\/phil-ea.fr\/wp-content\/uploads\/2024\/01\/1926-1945-7-300x231.jpg 300w\" sizes=\"auto, (max-width: 478px) 100vw, 478px\" \/><\/figure>\n<\/div>\n\n\n<p>Des timbres courants sont \u00e9mis \u00e0 partir de 1942&nbsp;: les armoiries des trois principales villes, la Marianne d\u2019Alger, et le Coq d\u2019Alger. <\/p>\n\n\n<div class=\"wp-block-image\">\n<figure class=\"aligncenter size-full\"><img loading=\"lazy\" decoding=\"async\" width=\"232\" height=\"137\" src=\"https:\/\/phil-ea.fr\/wp-content\/uploads\/2024\/01\/1926-1945-6.jpg\" alt=\"\" class=\"wp-image-267\"\/><\/figure>\n<\/div>\n\n\n<p>En 1945, la production de timbres \u00ab&nbsp;Postes Alg\u00e9rie&nbsp;\u00bb est suspendue. &nbsp;<\/p>\n","protected":false},"excerpt":{"rendered":"<p>Timbres sp\u00e9cifiques \u00ab&nbsp;Alg\u00e9rie Postes&nbsp;\u00bb Les premiers timbres sp\u00e9cifiques \u00ab&nbsp;Alg\u00e9rie Postes&nbsp;\u00bb sont \u00e9dit\u00e9s \u00e0 partir de 1926&nbsp;: ils repr\u00e9sentent des vues d\u2019Alger&nbsp;: &nbsp; &#8211; rue de la Kasbah, &#8211; Mosqu\u00e9e Sidi Abd\u00e9rahman, &#8211; Mosqu\u00e9e de la P\u00eacherie, &#8211; vue prise de Mustapha Sup\u00e9rieur. &nbsp; Au total 55 timbres sont \u00e9dit\u00e9s, num\u00e9rot\u00e9s de 34 \u00e0 86 (avec [&hellip;]<\/p>\n","protected":false},"author":1,"featured_media":0,"parent":7,"menu_order":8,"comment_status":"closed","ping_status":"closed","template":"","meta":{"footnotes":""},"class_list":["post-258","page","type-page","status-publish","hentry"],"_links":{"self":[{"href":"https:\/\/phil-ea.fr\/index.php\/wp-json\/wp\/v2\/pages\/258","targetHints":{"allow":["GET"]}}],"collection":[{"href":"https:\/\/phil-ea.fr\/index.php\/wp-json\/wp\/v2\/pages"}],"about":[{"href":"https:\/\/phil-ea.fr\/index.php\/wp-json\/wp\/v2\/types\/page"}],"author":[{"embeddable":true,"href":"https:\/\/phil-ea.fr\/index.php\/wp-json\/wp\/v2\/users\/1"}],"replies":[{"embeddable":true,"href":"https:\/\/phil-ea.fr\/index.php\/wp-json\/wp\/v2\/comments?post=258"}],"version-history":[{"count":8,"href":"https:\/\/phil-ea.fr\/index.php\/wp-json\/wp\/v2\/pages\/258\/revisions"}],"predecessor-version":[{"id":924,"href":"https:\/\/phil-ea.fr\/index.php\/wp-json\/wp\/v2\/pages\/258\/revisions\/924"}],"up":[{"embeddable":true,"href":"https:\/\/phil-ea.fr\/index.php\/wp-json\/wp\/v2\/pages\/7"}],"wp:attachment":[{"href":"https:\/\/phil-ea.fr\/index.php\/wp-json\/wp\/v2\/media?parent=258"}],"curies":[{"name":"wp","href":"https:\/\/api.w.org\/{rel}","templated":true}]}}