{"id":300,"date":"2024-01-27T11:27:34","date_gmt":"2024-01-27T10:27:34","guid":{"rendered":"https:\/\/phil-ea.fr\/?page_id=300"},"modified":"2024-01-27T18:40:39","modified_gmt":"2024-01-27T17:40:39","slug":"la-poste-navale-au-20e-siecle","status":"publish","type":"page","link":"https:\/\/phil-ea.fr\/index.php\/histoire\/la-poste-navale-au-20e-siecle\/","title":{"rendered":"La Poste Navale au 20e\u00a0si\u00e8cle"},"content":{"rendered":"\n<p>La Poste Navale est un service interne de la marine de guerre, cr\u00e9\u00e9 en 1916 pour assurer l\u2019exp\u00e9dition, la r\u00e9ception, le tri, l\u2019acheminement et la distribution du courrier militaire. Elle comporte des agences bas\u00e9es \u00e0 terre et d\u2019autres embarqu\u00e9es sur des b\u00e2timents. D\u00e8s 1916, des cachets \u00e0 date portant la mention \u00ab&nbsp;Poste Navale&nbsp;\u00bb sont appos\u00e9s aux courriers sur les b\u00e2timents, et un cachet \u00ab&nbsp;service \u00e0 la mer&nbsp;\u00bb sur les courriers en provenance d\u2019Oran, d\u2019Alger et de Philippeville.<\/p>\n\n\n\n<p>Ce service \u00e9tait restreint \u00e0 la M\u00e9diterran\u00e9e pendant la premi\u00e8re guerre mondiale&nbsp;: son domaine d\u2019action a \u00e9t\u00e9 \u00e9tendu au reste du monde en 1939, pendant la deuxi\u00e8me guerre mondiale.<\/p>\n\n\n\n<p>En septembre 1939, les ports d\u2019Oran et d\u2019Alger sont dot\u00e9s d\u2019un cachet \u00e0 date&nbsp;: \u00ab&nbsp;Oran Naval&nbsp;\u00bb, \u00ab&nbsp;Alger Naval&nbsp;\u00bb. Moins d\u2019un mois apr\u00e8s le d\u00e9but de la guerre, la mention de la ville est retir\u00e9e et remplac\u00e9e par un num\u00e9ro&nbsp;: 19 pour Oran, 22 pour Alger. Puis ces cachets sont \u00e0 nouveau remplac\u00e9s, en janvier 1940, par des cachets sans indication du lieu d\u2019\u00e9mission, portant uniquement la mention \u00ab&nbsp;Poste Navale&nbsp;\u00bb.<\/p>\n\n\n\n<p>En mars 1940, le paquebot \u00ab&nbsp;Ville d\u2019Alger&nbsp;\u00bb est r\u00e9quisitionn\u00e9 pour l\u2019exp\u00e9dition Narvick en Norv\u00e8ge&nbsp;: les courriers portent la mention \u00ab&nbsp;Ville d\u2019Alger&nbsp;\u00bb avec une griffe.<\/p>\n\n\n<div class=\"wp-block-image\">\n<figure class=\"aligncenter size-full is-resized\"><img loading=\"lazy\" decoding=\"async\" width=\"491\" height=\"384\" src=\"https:\/\/phil-ea.fr\/wp-content\/uploads\/2024\/01\/Poste-navale-1.jpg\" alt=\"\" class=\"wp-image-304\" style=\"width:500px\" srcset=\"https:\/\/phil-ea.fr\/wp-content\/uploads\/2024\/01\/Poste-navale-1.jpg 491w, https:\/\/phil-ea.fr\/wp-content\/uploads\/2024\/01\/Poste-navale-1-300x235.jpg 300w\" sizes=\"auto, (max-width: 491px) 100vw, 491px\" \/><figcaption class=\"wp-element-caption\"><em>Lettre post\u00e9e en franchise militaire (FM) depuis la base d\u2019Arzew, pr\u00e8s d\u2019Oran, en juillet 1949, et prise en charge par le \u00ab&nbsp;Service \u00e0 la mer&nbsp;\u00bb \u00e0 bord du croiseur Duquesne.<\/em><\/figcaption><\/figure>\n<\/div>\n\n\n<p>En juin 1940, l\u2019occupation allemande oblige \u00e0 fermer le service. Il est r\u00e9activ\u00e9 en novembre 1942, apr\u00e8s le d\u00e9barquement des Alli\u00e9s \u00e0 Alger&nbsp;: la Poste Navale implante alors sa Direction pour l\u2019Afrique \u00e0 Alger, et utilise des cachets \u00ab&nbsp;Poste Navale AF&nbsp;\u00bb. Des bureaux ouvrent dans les principales villes.<\/p>\n\n\n\n<p>En novembre 1942, des navires fran\u00e7ais sont sabord\u00e9s dans la rade de Mers-el-Kebir&nbsp;: certains courriers, r\u00e9cup\u00e9r\u00e9s, portent la mention \u00ab&nbsp;courrier r\u00e9cup\u00e9r\u00e9 dans un navire coul\u00e9&nbsp;\u00bb, avec griffe rouge ou violette.<\/p>\n\n\n\n<p>La Poste Navale ne peut plus recevoir de timbres de la M\u00e9tropole&nbsp;: elle utilise des timbres d\u2019Alg\u00e9rie. En f\u00e9vrier 1943, le cuirassier Richelieu est envoy\u00e9 \u00e0 New-York pour r\u00e9parations&nbsp;: \u00e0 son bord sont utilis\u00e9s des timbres d\u2019Alg\u00e9rie.<\/p>\n\n\n\n<p>A partir de 1945, Les bureaux en Alg\u00e9rie ferment progressivement, jusqu\u2019en 1950. Puis ils sont r\u00e9activ\u00e9s entre 1954 et 1962.<\/p>\n\n\n\n<p>Depuis 1973, la Poste Navale est devenue la Section Marine de la Poste aux Arm\u00e9es.<\/p>\n\n\n<div class=\"wp-block-image\">\n<figure class=\"aligncenter size-full is-resized\"><img loading=\"lazy\" decoding=\"async\" width=\"488\" height=\"372\" src=\"https:\/\/phil-ea.fr\/wp-content\/uploads\/2024\/01\/Poste-navale-2.jpg\" alt=\"\" class=\"wp-image-305\" style=\"width:500px\" srcset=\"https:\/\/phil-ea.fr\/wp-content\/uploads\/2024\/01\/Poste-navale-2.jpg 488w, https:\/\/phil-ea.fr\/wp-content\/uploads\/2024\/01\/Poste-navale-2-300x229.jpg 300w\" sizes=\"auto, (max-width: 488px) 100vw, 488px\" \/><figcaption class=\"wp-element-caption\"><em>Lettre post\u00e9e en franchise militaire (FM), \u00e0 Oran, par le bureau de Nemours Marine, en d\u00e9cembre 1957, et prise en charge par le Service \u00e0 la mer de la Marine Nationale, bien qu\u2019elle soit sur une enveloppe pour courrier a\u00e9rien.<\/em><\/figcaption><\/figure>\n<\/div>","protected":false},"excerpt":{"rendered":"<p>La Poste Navale est un service interne de la marine de guerre, cr\u00e9\u00e9 en 1916 pour assurer l\u2019exp\u00e9dition, la r\u00e9ception, le tri, l\u2019acheminement et la distribution du courrier militaire. Elle comporte des agences bas\u00e9es \u00e0 terre et d\u2019autres embarqu\u00e9es sur des b\u00e2timents. D\u00e8s 1916, des cachets \u00e0 date portant la mention \u00ab&nbsp;Poste Navale&nbsp;\u00bb sont appos\u00e9s [&hellip;]<\/p>\n","protected":false},"author":1,"featured_media":0,"parent":7,"menu_order":10,"comment_status":"closed","ping_status":"closed","template":"","meta":{"footnotes":""},"class_list":["post-300","page","type-page","status-publish","hentry"],"_links":{"self":[{"href":"https:\/\/phil-ea.fr\/index.php\/wp-json\/wp\/v2\/pages\/300","targetHints":{"allow":["GET"]}}],"collection":[{"href":"https:\/\/phil-ea.fr\/index.php\/wp-json\/wp\/v2\/pages"}],"about":[{"href":"https:\/\/phil-ea.fr\/index.php\/wp-json\/wp\/v2\/types\/page"}],"author":[{"embeddable":true,"href":"https:\/\/phil-ea.fr\/index.php\/wp-json\/wp\/v2\/users\/1"}],"replies":[{"embeddable":true,"href":"https:\/\/phil-ea.fr\/index.php\/wp-json\/wp\/v2\/comments?post=300"}],"version-history":[{"count":3,"href":"https:\/\/phil-ea.fr\/index.php\/wp-json\/wp\/v2\/pages\/300\/revisions"}],"predecessor-version":[{"id":384,"href":"https:\/\/phil-ea.fr\/index.php\/wp-json\/wp\/v2\/pages\/300\/revisions\/384"}],"up":[{"embeddable":true,"href":"https:\/\/phil-ea.fr\/index.php\/wp-json\/wp\/v2\/pages\/7"}],"wp:attachment":[{"href":"https:\/\/phil-ea.fr\/index.php\/wp-json\/wp\/v2\/media?parent=300"}],"curies":[{"name":"wp","href":"https:\/\/api.w.org\/{rel}","templated":true}]}}