{"id":345,"date":"2024-01-27T13:13:11","date_gmt":"2024-01-27T12:13:11","guid":{"rendered":"https:\/\/phil-ea.fr\/?page_id=345"},"modified":"2024-01-27T18:44:56","modified_gmt":"2024-01-27T17:44:56","slug":"1944-1958","status":"publish","type":"page","link":"https:\/\/phil-ea.fr\/index.php\/histoire\/1944-1958\/","title":{"rendered":"1944 &#8211; 1958"},"content":{"rendered":"\n<h4 class=\"wp-block-heading has-text-align-center\">Nouvelles \u00e9missions de timbres \u00ab\u00a0Alg\u00e9rie Postes\u00a0\u00bb<\/h4>\n\n\n\n<p>Jusqu\u2019en 1946, en plus des timbres courants de la Marianne d\u2019Alger et du Coq d\u2019Alger, une vingtaine de timbres de M\u00e9tropole sont utilis\u00e9s, avec une surcharge ALG\u00c9RIE, comme de 1924 \u00e0 1926.<\/p>\n\n\n<div class=\"wp-block-image\">\n<figure class=\"aligncenter size-medium is-resized\"><img loading=\"lazy\" decoding=\"async\" width=\"300\" height=\"275\" src=\"https:\/\/phil-ea.fr\/wp-content\/uploads\/2024\/01\/1944-1958-1-300x275.jpg\" alt=\"\" class=\"wp-image-356\" style=\"width:450px\" srcset=\"https:\/\/phil-ea.fr\/wp-content\/uploads\/2024\/01\/1944-1958-1-300x275.jpg 300w, https:\/\/phil-ea.fr\/wp-content\/uploads\/2024\/01\/1944-1958-1-768x705.jpg 768w, https:\/\/phil-ea.fr\/wp-content\/uploads\/2024\/01\/1944-1958-1.jpg 852w\" sizes=\"auto, (max-width: 300px) 100vw, 300px\" \/><\/figure>\n<\/div>\n\n\n<p>\u00c0 partir de 1945, et jusqu\u2019en 1958, le timbre de la \u00ab&nbsp;journ\u00e9e du timbre&nbsp;\u00bb reprend le graphisme de celui \u00e9mis en M\u00e9tropole, avec une couleur diff\u00e9rente, et une surcharge ALG\u00c9RIE.<\/p>\n\n\n<div class=\"wp-block-image\">\n<figure class=\"aligncenter size-full is-resized\"><img loading=\"lazy\" decoding=\"async\" width=\"1263\" height=\"589\" src=\"https:\/\/phil-ea.fr\/wp-content\/uploads\/2024\/01\/1944-1958-2.jpg\" alt=\"\" class=\"wp-image-357\" style=\"width:600px\" srcset=\"https:\/\/phil-ea.fr\/wp-content\/uploads\/2024\/01\/1944-1958-2.jpg 1263w, https:\/\/phil-ea.fr\/wp-content\/uploads\/2024\/01\/1944-1958-2-300x140.jpg 300w, https:\/\/phil-ea.fr\/wp-content\/uploads\/2024\/01\/1944-1958-2-1024x478.jpg 1024w, https:\/\/phil-ea.fr\/wp-content\/uploads\/2024\/01\/1944-1958-2-768x358.jpg 768w, https:\/\/phil-ea.fr\/wp-content\/uploads\/2024\/01\/1944-1958-2-1200x560.jpg 1200w\" sizes=\"auto, (max-width: 1263px) 100vw, 1263px\" \/><\/figure>\n<\/div>\n\n\n<p>La production de timbres sp\u00e9cifiques marqu\u00e9s \u00ab&nbsp;Alg\u00e9rie Postes&nbsp;\u00bb reprend en 1946, avec une s\u00e9rie de quatre, \u00e9mise au profit des \u0153uvres de solidarit\u00e9, et essentiellement conserv\u00e9e par les collectionneurs. Puis, jusqu\u2019en 1958, c\u2019est un foisonnement de figurines, paysages, \u00e9v\u00e9nements qui sont repr\u00e9sent\u00e9s, faisant le bonheur des collectionneurs.<\/p>\n\n\n<div class=\"wp-block-image\">\n<figure class=\"aligncenter size-large is-resized\"><img loading=\"lazy\" decoding=\"async\" width=\"1024\" height=\"693\" src=\"https:\/\/phil-ea.fr\/wp-content\/uploads\/2024\/01\/1944-1958-3-1024x693.jpg\" alt=\"\" class=\"wp-image-359\" style=\"width:600px\" srcset=\"https:\/\/phil-ea.fr\/wp-content\/uploads\/2024\/01\/1944-1958-3-1024x693.jpg 1024w, https:\/\/phil-ea.fr\/wp-content\/uploads\/2024\/01\/1944-1958-3-300x203.jpg 300w, https:\/\/phil-ea.fr\/wp-content\/uploads\/2024\/01\/1944-1958-3-768x519.jpg 768w, https:\/\/phil-ea.fr\/wp-content\/uploads\/2024\/01\/1944-1958-3.jpg 1131w\" sizes=\"auto, (max-width: 1024px) 100vw, 1024px\" \/><\/figure>\n<\/div>\n\n\n<p>En 1947, les armoiries des trois principales villes, Alger, Oran et Constantine, sont d\u00e9clin\u00e9es en diff\u00e9rentes couleurs et valeurs.<\/p>\n\n\n<div class=\"wp-block-image\">\n<figure class=\"aligncenter size-full is-resized\"><img loading=\"lazy\" decoding=\"async\" width=\"261\" height=\"124\" src=\"https:\/\/phil-ea.fr\/wp-content\/uploads\/2024\/01\/1944-1958-4.jpg\" alt=\"\" class=\"wp-image-360\" style=\"width:450px\"\/><\/figure>\n<\/div>\n\n\n<p>En 1952, la s\u00e9rie des statuettes a beaucoup de succ\u00e8s.<\/p>\n\n\n<div class=\"wp-block-image\">\n<figure class=\"aligncenter size-full is-resized\"><img loading=\"lazy\" decoding=\"async\" width=\"276\" height=\"112\" src=\"https:\/\/phil-ea.fr\/wp-content\/uploads\/2024\/01\/1944-1958-5.jpg\" alt=\"\" class=\"wp-image-362\" style=\"width:450px\"\/><\/figure>\n<\/div>\n\n\n<p>La cour mauresque du mus\u00e9e du Bardo fait l\u2019objet de plusieurs \u00e9missions, de 1954 \u00e0 1957.<\/p>\n\n\n<div class=\"wp-block-image\">\n<figure class=\"aligncenter size-full is-resized\"><img loading=\"lazy\" decoding=\"async\" width=\"311\" height=\"125\" src=\"https:\/\/phil-ea.fr\/wp-content\/uploads\/2024\/01\/1944-1958-6.jpg\" alt=\"\" class=\"wp-image-363\" style=\"width:450px\" srcset=\"https:\/\/phil-ea.fr\/wp-content\/uploads\/2024\/01\/1944-1958-6.jpg 311w, https:\/\/phil-ea.fr\/wp-content\/uploads\/2024\/01\/1944-1958-6-300x121.jpg 300w\" sizes=\"auto, (max-width: 311px) 100vw, 311px\" \/><\/figure>\n<\/div>\n\n\n<p>La Marianne de Muller est utilis\u00e9e en 1955 et 1957.<\/p>\n\n\n<div class=\"wp-block-image\">\n<figure class=\"aligncenter size-full is-resized\"><img loading=\"lazy\" decoding=\"async\" width=\"110\" height=\"135\" src=\"https:\/\/phil-ea.fr\/wp-content\/uploads\/2024\/01\/1944-1958-7.jpg\" alt=\"\" class=\"wp-image-364\" style=\"width:150px\"\/><\/figure>\n<\/div>\n\n\n<p>Les armoiries d\u2019autres ville apparaissent en 1956&nbsp;: B\u00f4ne, Tizi-Ouzou, Mostaganem, Tlemcen, S\u00e9tif, et Orl\u00e9ansville.<\/p>\n\n\n<div class=\"wp-block-image\">\n<figure class=\"aligncenter size-full is-resized\"><img loading=\"lazy\" decoding=\"async\" width=\"185\" height=\"170\" src=\"https:\/\/phil-ea.fr\/wp-content\/uploads\/2024\/01\/1944-1958-8.jpg\" alt=\"\" class=\"wp-image-365\" style=\"width:294px;height:auto\"\/><\/figure>\n<\/div>\n\n\n<p>Le dernier timbre, en 1958, reprend les armoiries d\u2019Alger<\/p>\n\n\n<div class=\"wp-block-image\">\n<figure class=\"aligncenter size-full is-resized\"><img loading=\"lazy\" decoding=\"async\" width=\"87\" height=\"99\" src=\"https:\/\/phil-ea.fr\/wp-content\/uploads\/2024\/01\/1944-1958-9.jpg\" alt=\"\" class=\"wp-image-366\" style=\"width:130px;height:auto\"\/><\/figure>\n<\/div>","protected":false},"excerpt":{"rendered":"<p>Nouvelles \u00e9missions de timbres \u00ab\u00a0Alg\u00e9rie Postes\u00a0\u00bb Jusqu\u2019en 1946, en plus des timbres courants de la Marianne d\u2019Alger et du Coq d\u2019Alger, une vingtaine de timbres de M\u00e9tropole sont utilis\u00e9s, avec une surcharge ALG\u00c9RIE, comme de 1924 \u00e0 1926. \u00c0 partir de 1945, et jusqu\u2019en 1958, le timbre de la \u00ab&nbsp;journ\u00e9e du timbre&nbsp;\u00bb reprend le graphisme [&hellip;]<\/p>\n","protected":false},"author":1,"featured_media":0,"parent":7,"menu_order":13,"comment_status":"closed","ping_status":"closed","template":"","meta":{"footnotes":""},"class_list":["post-345","page","type-page","status-publish","hentry"],"_links":{"self":[{"href":"https:\/\/phil-ea.fr\/index.php\/wp-json\/wp\/v2\/pages\/345","targetHints":{"allow":["GET"]}}],"collection":[{"href":"https:\/\/phil-ea.fr\/index.php\/wp-json\/wp\/v2\/pages"}],"about":[{"href":"https:\/\/phil-ea.fr\/index.php\/wp-json\/wp\/v2\/types\/page"}],"author":[{"embeddable":true,"href":"https:\/\/phil-ea.fr\/index.php\/wp-json\/wp\/v2\/users\/1"}],"replies":[{"embeddable":true,"href":"https:\/\/phil-ea.fr\/index.php\/wp-json\/wp\/v2\/comments?post=345"}],"version-history":[{"count":6,"href":"https:\/\/phil-ea.fr\/index.php\/wp-json\/wp\/v2\/pages\/345\/revisions"}],"predecessor-version":[{"id":392,"href":"https:\/\/phil-ea.fr\/index.php\/wp-json\/wp\/v2\/pages\/345\/revisions\/392"}],"up":[{"embeddable":true,"href":"https:\/\/phil-ea.fr\/index.php\/wp-json\/wp\/v2\/pages\/7"}],"wp:attachment":[{"href":"https:\/\/phil-ea.fr\/index.php\/wp-json\/wp\/v2\/media?parent=345"}],"curies":[{"name":"wp","href":"https:\/\/api.w.org\/{rel}","templated":true}]}}