{"id":35,"date":"2024-01-24T22:09:48","date_gmt":"2024-01-24T21:09:48","guid":{"rendered":"https:\/\/phil-ea.fr\/?page_id=35"},"modified":"2024-11-27T11:27:15","modified_gmt":"2024-11-27T10:27:15","slug":"adhesion","status":"publish","type":"page","link":"https:\/\/phil-ea.fr\/index.php\/association\/adhesion\/","title":{"rendered":"Adh\u00e9sion"},"content":{"rendered":"\n<p><strong><strong>PHIL-EA<\/strong><\/strong>, une association tr\u00e8s sp\u00e9cialis\u00e9e o\u00f9 vous pourrez collectionner comme vous aimez. Faites vous (nous) plaisir, venez nous rejoindre.<\/p>\n\n\n\n<p>L\u2019adh\u00e9sion est ouverte \u00e0 tous contre une cotisation annuelle fix\u00e9e \u00e0 30 euros. Elle comprend 2 bulletins d\u2019informations et 3 cessions \u00e0 prix nets entre adh\u00e9rents.<\/p>\n\n\n\n<p>Le bulletin d&rsquo;adh\u00e9sion, \u00e0 nous retourner, est disponible en <a href=\"https:\/\/phil-ea.fr\/wp-content\/uploads\/2024\/11\/Bulletin-dadhesion-PHIL-EA-2025.pdf\">t\u00e9l\u00e9chargement <\/a>au format PDF.<\/p>\n\n\n\n<p>Voici des exemples de ce qui peut se collectionner sur l\u2019Alg\u00e9rie :<\/p>\n\n\n\n<ul class=\"wp-block-list\">\n<li>Les pr\u00e9curseurs&nbsp;: ant\u00e9rieur \u00e0 1830.<\/li>\n\n\n\n<li>La conqu\u00eate&nbsp;: 1830 \/1835.<\/li>\n\n\n\n<li>Les d\u00e9buts de la colonisation&nbsp;: 1836&nbsp;\/1839.<\/li>\n\n\n\n<li>L\u2019organisation du service des postes 1839\/1852.<\/li>\n\n\n\n<li>Mises en service des timbres postes&nbsp;: 1849.<\/li>\n\n\n\n<li>Petit chiffre. Gros chiffre.<\/li>\n\n\n\n<li>Les bo\u00eetes rurales.<\/li>\n\n\n\n<li>Les bureaux de distribution.<\/li>\n\n\n\n<li>Les bo\u00eetes mobiles.<\/li>\n\n\n\n<li>La poste ferroviaire.<\/li>\n\n\n\n<li>L\u2019Alg\u00e9rie fran\u00e7aise 1924\/1958.<\/li>\n\n\n\n<li>Timbres-poste neufs ou oblit\u00e9r\u00e9s<\/li>\n\n\n\n<li>La poste maritime.<\/li>\n\n\n\n<li>Convoyeurs de station.<\/li>\n\n\n\n<li>L\u2019a\u00e9rophilat\u00e9lie.<\/li>\n\n\n\n<li>Les secteurs postaux militaires.<\/li>\n\n\n\n<li>La poste aux arm\u00e9es A F N<\/li>\n\n\n\n<li>Guerre d\u2019Alg\u00e9rie.<\/li>\n\n\n\n<li>F D C 1<sup>er<\/sup>&nbsp;jour d\u2019\u00e9missions<\/li>\n\n\n\n<li>Cartes maximums.<\/li>\n\n\n\n<li>Cartes postales<\/li>\n\n\n\n<li>Les vari\u00e9t\u00e9s.<\/li>\n\n\n\n<li>Les entiers postaux<\/li>\n\n\n\n<li>Les carnets.<\/li>\n\n\n\n<li>Les colis postaux.<\/li>\n\n\n\n<li>Timbres de France 1958\/1962.<\/li>\n\n\n\n<li>Oblit\u00e9rations sp\u00e9ciales temporaires<\/li>\n\n\n\n<li>Oblit\u00e9rations m\u00e9caniques avec flammes.<\/li>\n\n\n\n<li>Les \u00e9missions de l\u2019O A S.<\/li>\n\n\n\n<li>Timbres de la r\u00e9publique alg\u00e9rienne.<\/li>\n<\/ul>\n\n\n\n<p><\/p>\n","protected":false},"excerpt":{"rendered":"<p>PHIL-EA, une association tr\u00e8s sp\u00e9cialis\u00e9e o\u00f9 vous pourrez collectionner comme vous aimez. Faites vous (nous) plaisir, venez nous rejoindre. L\u2019adh\u00e9sion est ouverte \u00e0 tous contre une cotisation annuelle fix\u00e9e \u00e0 30 euros. Elle comprend 2 bulletins d\u2019informations et 3 cessions \u00e0 prix nets entre adh\u00e9rents. Le bulletin d&rsquo;adh\u00e9sion, \u00e0 nous retourner, est disponible en t\u00e9l\u00e9chargement [&hellip;]<\/p>\n","protected":false},"author":1,"featured_media":0,"parent":31,"menu_order":3,"comment_status":"closed","ping_status":"closed","template":"","meta":{"footnotes":""},"class_list":["post-35","page","type-page","status-publish","hentry"],"_links":{"self":[{"href":"https:\/\/phil-ea.fr\/index.php\/wp-json\/wp\/v2\/pages\/35","targetHints":{"allow":["GET"]}}],"collection":[{"href":"https:\/\/phil-ea.fr\/index.php\/wp-json\/wp\/v2\/pages"}],"about":[{"href":"https:\/\/phil-ea.fr\/index.php\/wp-json\/wp\/v2\/types\/page"}],"author":[{"embeddable":true,"href":"https:\/\/phil-ea.fr\/index.php\/wp-json\/wp\/v2\/users\/1"}],"replies":[{"embeddable":true,"href":"https:\/\/phil-ea.fr\/index.php\/wp-json\/wp\/v2\/comments?post=35"}],"version-history":[{"count":16,"href":"https:\/\/phil-ea.fr\/index.php\/wp-json\/wp\/v2\/pages\/35\/revisions"}],"predecessor-version":[{"id":968,"href":"https:\/\/phil-ea.fr\/index.php\/wp-json\/wp\/v2\/pages\/35\/revisions\/968"}],"up":[{"embeddable":true,"href":"https:\/\/phil-ea.fr\/index.php\/wp-json\/wp\/v2\/pages\/31"}],"wp:attachment":[{"href":"https:\/\/phil-ea.fr\/index.php\/wp-json\/wp\/v2\/media?parent=35"}],"curies":[{"name":"wp","href":"https:\/\/api.w.org\/{rel}","templated":true}]}}