{"id":370,"date":"2024-01-27T17:29:32","date_gmt":"2024-01-27T16:29:32","guid":{"rendered":"https:\/\/phil-ea.fr\/?page_id=370"},"modified":"2024-01-27T18:50:43","modified_gmt":"2024-01-27T17:50:43","slug":"1958-1962","status":"publish","type":"page","link":"https:\/\/phil-ea.fr\/index.php\/histoire\/1958-1962\/","title":{"rendered":"1958 \u2013 1962"},"content":{"rendered":"\n<h4 class=\"wp-block-heading has-text-align-center\">Nouvelle utilisation de timbres de M\u00e9tropole<\/h4>\n\n\n\n<p>En 1958, suite aux \u00e9v\u00e9nements politiques qui secouent l\u2019Alg\u00e9rie, sur la pression des mouvements populaires, et avec le souhait politique de l\u2019\u00e9poque de maintenir \u00ab&nbsp;la France de Dunkerque \u00e0 Tamanrasset&nbsp;\u00bb, la cr\u00e9ation de timbres-poste sp\u00e9cifiques est arr\u00eat\u00e9e. <\/p>\n\n\n\n<p>Les timbres de M\u00e9tropole sont de nouveau utilis\u00e9s, selon un d\u00e9cret du 18 juillet 1958, en application \u00e0 compter du 22 juillet. Un premier approvisionnement de valeurs courantes n\u00e9cessaires \u00e0 l\u2019affranchissement aux diff\u00e9rents tarifs postaux en vigueur est r\u00e9alis\u00e9 avec des figurines \u00e9mises avant 1958, toujours en service et en stock important, qui sont r\u00e9parties dans les bureaux de poste des 17 nouveaux d\u00e9partements d\u2019Alg\u00e9rie.<\/p>\n\n\n<div class=\"wp-block-image\">\n<figure class=\"aligncenter size-full is-resized\"><img loading=\"lazy\" decoding=\"async\" width=\"340\" height=\"239\" src=\"https:\/\/phil-ea.fr\/wp-content\/uploads\/2024\/01\/1958-1962-1.jpg\" alt=\"\" class=\"wp-image-375\" style=\"width:500px\" srcset=\"https:\/\/phil-ea.fr\/wp-content\/uploads\/2024\/01\/1958-1962-1.jpg 340w, https:\/\/phil-ea.fr\/wp-content\/uploads\/2024\/01\/1958-1962-1-300x211.jpg 300w\" sizes=\"auto, (max-width: 340px) 100vw, 340px\" \/><figcaption class=\"wp-element-caption\"><em>En 1958, le tarif d\u2019une lettre simple \u00e9tait de 20 francs<\/em><\/figcaption><\/figure>\n<\/div>\n\n\n<p>Toutefois les timbres portant la mention \u00ab&nbsp;Poste-Alg\u00e9rie&nbsp;\u00bb seront admis jusqu\u2019\u00e0 la fin de l\u2019ann\u00e9e 1958.<\/p>\n\n\n<div class=\"wp-block-image\">\n<figure class=\"aligncenter size-full is-resized\"><img loading=\"lazy\" decoding=\"async\" width=\"321\" height=\"244\" src=\"https:\/\/phil-ea.fr\/wp-content\/uploads\/2024\/01\/1958-1962-2.jpg\" alt=\"\" class=\"wp-image-376\" style=\"width:500px\" srcset=\"https:\/\/phil-ea.fr\/wp-content\/uploads\/2024\/01\/1958-1962-2.jpg 321w, https:\/\/phil-ea.fr\/wp-content\/uploads\/2024\/01\/1958-1962-2-300x228.jpg 300w\" sizes=\"auto, (max-width: 321px) 100vw, 321px\" \/><figcaption class=\"wp-element-caption\"><em>Lettre recommand\u00e9e avec accus\u00e9 de r\u00e9ception, 95 Fr. , recette d\u2019Orl\u00e9ansville, d\u00e9partement d\u2019Alger, 6-10-1958 <\/em><\/figcaption><\/figure>\n<\/div>\n\n\n<p>Apr\u00e8s la suppression des d\u00e9partements d\u2019Aumale et Bougie, les 15 d\u00e9partements restants recevront r\u00e9guli\u00e8rement toutes les \u00e9missions en timbres-poste, poste a\u00e9rienne, pr\u00e9oblit\u00e9r\u00e9s, ainsi que les timbres taxe, \u00e9mis au cours des ann\u00e9es 1960, 1961 et 1962, jusqu\u2019\u00e0 l\u2019ind\u00e9pendance en juillet 1962.<\/p>\n\n\n\n<p>Parall\u00e8lement, des flammes d\u2019oblit\u00e9ration se multiplient, qui parlent de la vie courante, vantent les villes et r\u00e9gions d\u2019Alg\u00e9rie, annoncent des \u00e9v\u00e9nements, font la promotion de produits locaux, comme \u00e0 la m\u00eame \u00e9poque en M\u00e9tropole.<\/p>\n\n\n<div class=\"wp-block-image\">\n<figure class=\"aligncenter size-full is-resized\"><img loading=\"lazy\" decoding=\"async\" width=\"480\" height=\"90\" src=\"https:\/\/phil-ea.fr\/wp-content\/uploads\/2024\/01\/1958-1962-3.jpg\" alt=\"\" class=\"wp-image-377\" style=\"width:600px\" srcset=\"https:\/\/phil-ea.fr\/wp-content\/uploads\/2024\/01\/1958-1962-3.jpg 480w, https:\/\/phil-ea.fr\/wp-content\/uploads\/2024\/01\/1958-1962-3-300x56.jpg 300w\" sizes=\"auto, (max-width: 480px) 100vw, 480px\" \/><\/figure>\n<\/div>\n\n\n<p>Mais apparaissent aussi des flammes \u00e0 connotation politique, pour soutenir le maintien de l\u2019Alg\u00e9rie dans la R\u00e9publique Fran\u00e7aise.<\/p>\n\n\n<div class=\"wp-block-image\">\n<figure class=\"aligncenter size-full is-resized\"><img loading=\"lazy\" decoding=\"async\" width=\"480\" height=\"92\" src=\"https:\/\/phil-ea.fr\/wp-content\/uploads\/2024\/01\/1958-1962-4.jpg\" alt=\"\" class=\"wp-image-378\" style=\"width:600px\" srcset=\"https:\/\/phil-ea.fr\/wp-content\/uploads\/2024\/01\/1958-1962-4.jpg 480w, https:\/\/phil-ea.fr\/wp-content\/uploads\/2024\/01\/1958-1962-4-300x58.jpg 300w\" sizes=\"auto, (max-width: 480px) 100vw, 480px\" \/><\/figure>\n<\/div>\n\n\n<p>\u00c0 partir de 1959, le tarif d\u2019une lettre simple \u00e9tait de 25 francs (puis 0,25 fr)<\/p>\n\n\n<div class=\"wp-block-image\">\n<figure class=\"aligncenter size-full is-resized\"><img loading=\"lazy\" decoding=\"async\" width=\"457\" height=\"356\" src=\"https:\/\/phil-ea.fr\/wp-content\/uploads\/2024\/01\/1958-1962-5.jpg\" alt=\"\" class=\"wp-image-379\" style=\"width:500px\" srcset=\"https:\/\/phil-ea.fr\/wp-content\/uploads\/2024\/01\/1958-1962-5.jpg 457w, https:\/\/phil-ea.fr\/wp-content\/uploads\/2024\/01\/1958-1962-5-300x234.jpg 300w\" sizes=\"auto, (max-width: 457px) 100vw, 457px\" \/><figcaption class=\"wp-element-caption\"><em>Lettre recommand\u00e9e avec AR post\u00e9e \u00e0 Bougie le 19-5-1959, avec timbres \u00e9mis en M\u00e9tropole en 1957 (Marianne de Muller), 1958 (Lille) et 1959 (Guadeloupe)<\/em><\/figcaption><\/figure>\n<\/div>\n\n<div class=\"wp-block-image\">\n<figure class=\"aligncenter size-full is-resized\"><img loading=\"lazy\" decoding=\"async\" width=\"358\" height=\"264\" src=\"https:\/\/phil-ea.fr\/wp-content\/uploads\/2024\/01\/1958-1962-6.jpg\" alt=\"\" class=\"wp-image-380\" style=\"width:500px\" srcset=\"https:\/\/phil-ea.fr\/wp-content\/uploads\/2024\/01\/1958-1962-6.jpg 358w, https:\/\/phil-ea.fr\/wp-content\/uploads\/2024\/01\/1958-1962-6-300x221.jpg 300w\" sizes=\"auto, (max-width: 358px) 100vw, 358px\" \/><figcaption class=\"wp-element-caption\"><em>Lettre recommand\u00e9e post\u00e9e \u00e0 Bordj Medjana le 22-10-1960, avec des timbres \u00e9mis en M\u00e9tropole en 1960 (Croix de Lorraine, Basilique de Lisieux, Europa), dont les valeurs sont exprim\u00e9es en nouveaux francs<\/em><\/figcaption><\/figure>\n<\/div>","protected":false},"excerpt":{"rendered":"<p>Nouvelle utilisation de timbres de M\u00e9tropole En 1958, suite aux \u00e9v\u00e9nements politiques qui secouent l\u2019Alg\u00e9rie, sur la pression des mouvements populaires, et avec le souhait politique de l\u2019\u00e9poque de maintenir \u00ab&nbsp;la France de Dunkerque \u00e0 Tamanrasset&nbsp;\u00bb, la cr\u00e9ation de timbres-poste sp\u00e9cifiques est arr\u00eat\u00e9e. Les timbres de M\u00e9tropole sont de nouveau utilis\u00e9s, selon un d\u00e9cret du [&hellip;]<\/p>\n","protected":false},"author":1,"featured_media":0,"parent":7,"menu_order":14,"comment_status":"closed","ping_status":"closed","template":"","meta":{"footnotes":""},"class_list":["post-370","page","type-page","status-publish","hentry"],"_links":{"self":[{"href":"https:\/\/phil-ea.fr\/index.php\/wp-json\/wp\/v2\/pages\/370","targetHints":{"allow":["GET"]}}],"collection":[{"href":"https:\/\/phil-ea.fr\/index.php\/wp-json\/wp\/v2\/pages"}],"about":[{"href":"https:\/\/phil-ea.fr\/index.php\/wp-json\/wp\/v2\/types\/page"}],"author":[{"embeddable":true,"href":"https:\/\/phil-ea.fr\/index.php\/wp-json\/wp\/v2\/users\/1"}],"replies":[{"embeddable":true,"href":"https:\/\/phil-ea.fr\/index.php\/wp-json\/wp\/v2\/comments?post=370"}],"version-history":[{"count":3,"href":"https:\/\/phil-ea.fr\/index.php\/wp-json\/wp\/v2\/pages\/370\/revisions"}],"predecessor-version":[{"id":394,"href":"https:\/\/phil-ea.fr\/index.php\/wp-json\/wp\/v2\/pages\/370\/revisions\/394"}],"up":[{"embeddable":true,"href":"https:\/\/phil-ea.fr\/index.php\/wp-json\/wp\/v2\/pages\/7"}],"wp:attachment":[{"href":"https:\/\/phil-ea.fr\/index.php\/wp-json\/wp\/v2\/media?parent=370"}],"curies":[{"name":"wp","href":"https:\/\/api.w.org\/{rel}","templated":true}]}}