{"id":41,"date":"2024-01-24T22:57:15","date_gmt":"2024-01-24T21:57:15","guid":{"rendered":"https:\/\/phil-ea.fr\/?page_id=41"},"modified":"2024-03-23T11:33:53","modified_gmt":"2024-03-23T10:33:53","slug":"acceuil","status":"publish","type":"page","link":"https:\/\/phil-ea.fr\/","title":{"rendered":"Accueil"},"content":{"rendered":"\n<p>Bienvenue sur le site internet de l&rsquo;Association <strong>PHIL<\/strong>at\u00e9lique d\u2019<strong>E<\/strong>tudes Postales d\u2019<strong>A<\/strong>lg\u00e9rie (<strong>PHIL-EA<\/strong>).<\/p>\n\n\n\n<p><strong>PHIL-EA<\/strong> est une association r\u00e9gie par la loi de 1901. Elle est membre de la F\u00e9d\u00e9ration Fran\u00e7aise des Associations Philat\u00e9liques (<strong>F.F.A.P<\/strong>. n\u00b0701\/1) et fait partie du <strong>G.A.P.S<\/strong>. \u2013 Groupement des Associations Philat\u00e9liques Sp\u00e9cialis\u00e9es.<\/p>\n","protected":false},"excerpt":{"rendered":"<p>Bienvenue sur le site internet de l&rsquo;Association PHILat\u00e9lique d\u2019Etudes Postales d\u2019Alg\u00e9rie (PHIL-EA). PHIL-EA est une association r\u00e9gie par la loi de 1901. Elle est membre de la F\u00e9d\u00e9ration Fran\u00e7aise des Associations Philat\u00e9liques (F.F.A.P. n\u00b0701\/1) et fait partie du G.A.P.S. \u2013 Groupement des Associations Philat\u00e9liques Sp\u00e9cialis\u00e9es.<\/p>\n","protected":false},"author":1,"featured_media":0,"parent":0,"menu_order":0,"comment_status":"closed","ping_status":"closed","template":"","meta":{"footnotes":""},"class_list":["post-41","page","type-page","status-publish","hentry"],"_links":{"self":[{"href":"https:\/\/phil-ea.fr\/index.php\/wp-json\/wp\/v2\/pages\/41","targetHints":{"allow":["GET"]}}],"collection":[{"href":"https:\/\/phil-ea.fr\/index.php\/wp-json\/wp\/v2\/pages"}],"about":[{"href":"https:\/\/phil-ea.fr\/index.php\/wp-json\/wp\/v2\/types\/page"}],"author":[{"embeddable":true,"href":"https:\/\/phil-ea.fr\/index.php\/wp-json\/wp\/v2\/users\/1"}],"replies":[{"embeddable":true,"href":"https:\/\/phil-ea.fr\/index.php\/wp-json\/wp\/v2\/comments?post=41"}],"version-history":[{"count":5,"href":"https:\/\/phil-ea.fr\/index.php\/wp-json\/wp\/v2\/pages\/41\/revisions"}],"predecessor-version":[{"id":923,"href":"https:\/\/phil-ea.fr\/index.php\/wp-json\/wp\/v2\/pages\/41\/revisions\/923"}],"wp:attachment":[{"href":"https:\/\/phil-ea.fr\/index.php\/wp-json\/wp\/v2\/media?parent=41"}],"curies":[{"name":"wp","href":"https:\/\/api.w.org\/{rel}","templated":true}]}}