{"id":702,"date":"2024-02-07T15:17:58","date_gmt":"2024-02-07T14:17:58","guid":{"rendered":"https:\/\/phil-ea.fr\/?page_id=702"},"modified":"2026-03-17T11:50:26","modified_gmt":"2026-03-17T10:50:26","slug":"assemblees-generales","status":"publish","type":"page","link":"https:\/\/phil-ea.fr\/index.php\/association\/assemblees-generales\/","title":{"rendered":"Nos Assembl\u00e9es G\u00e9n\u00e9rales"},"content":{"rendered":"\n<p>Voici les lieux et dates des diff\u00e9rentes assembles g\u00e9n\u00e9rales de l&rsquo;association :<\/p>\n\n\n\n<p><strong>BUREAU<\/strong> <em>(1976-1983)<\/em> : <em><strong>Pr\u00e9sident : Gilbert GOUDARD<\/strong>, <strong>Secr\u00e9taire : Pierre Jean BARRAT<\/strong>, <strong>Tr\u00e9sorier : Paul STIZIA<\/strong><\/em><\/p>\n\n\n\n<figure class=\"wp-block-table\"><table class=\"has-fixed-layout\"><thead><tr><th class=\"has-text-align-center\" data-align=\"center\">Ann\u00e9e<\/th><th class=\"has-text-align-center\" data-align=\"center\">Ville<\/th><th class=\"has-text-align-center\" data-align=\"center\">Ann\u00e9e<\/th><th class=\"has-text-align-center\" data-align=\"center\">Ville<\/th><\/tr><\/thead><tbody><tr><td class=\"has-text-align-center\" data-align=\"center\">1976<\/td><td class=\"has-text-align-center\" data-align=\"center\">PARIS<\/td><td class=\"has-text-align-center\" data-align=\"center\">1977<\/td><td class=\"has-text-align-center\" data-align=\"center\">NANTERRE<\/td><\/tr><tr><td class=\"has-text-align-center\" data-align=\"center\">1978<\/td><td class=\"has-text-align-center\" data-align=\"center\">NANTERRE<\/td><td class=\"has-text-align-center\" data-align=\"center\">1979<\/td><td class=\"has-text-align-center\" data-align=\"center\">LA GUERCHE SUR L&rsquo;AUBOIS<\/td><\/tr><tr><td class=\"has-text-align-center\" data-align=\"center\">1980<\/td><td class=\"has-text-align-center\" data-align=\"center\">PROVINS<\/td><td class=\"has-text-align-center\" data-align=\"center\">1981<\/td><td class=\"has-text-align-center\" data-align=\"center\">TROYES<\/td><\/tr><tr><td class=\"has-text-align-center\" data-align=\"center\">1982<\/td><td class=\"has-text-align-center\" data-align=\"center\">NANTERRE<\/td><td class=\"has-text-align-center\" data-align=\"center\"><\/td><td class=\"has-text-align-center\" data-align=\"center\"><\/td><\/tr><\/tbody><\/table><\/figure>\n\n\n\n<p><strong>BUREAU<\/strong> <em>(1983-1989)<\/em> : <strong><em>Pr\u00e9sident : Claude BOSC<\/em><\/strong>, <em><strong>Secr\u00e9taire : Pierre Jean BARRAT<\/strong>, <strong>Tr\u00e9sorier : Paul STIZIA<\/strong><\/em><\/p>\n\n\n\n<figure class=\"wp-block-table\"><table class=\"has-fixed-layout\"><thead><tr><th class=\"has-text-align-center\" data-align=\"center\">Ann\u00e9e<\/th><th class=\"has-text-align-center\" data-align=\"center\">Ville<\/th><th class=\"has-text-align-center\" data-align=\"center\">Ann\u00e9e<\/th><th class=\"has-text-align-center\" data-align=\"center\">Ville<\/th><\/tr><\/thead><tbody><tr><td class=\"has-text-align-center\" data-align=\"center\">1983<\/td><td class=\"has-text-align-center\" data-align=\"center\">FREJUS<\/td><td class=\"has-text-align-center\" data-align=\"center\">1984<\/td><td class=\"has-text-align-center\" data-align=\"center\">PARIS<\/td><\/tr><tr><td class=\"has-text-align-center\" data-align=\"center\">1985<\/td><td class=\"has-text-align-center\" data-align=\"center\">CHATILLON SUR SEINE<\/td><td class=\"has-text-align-center\" data-align=\"center\">1986<\/td><td class=\"has-text-align-center\" data-align=\"center\">PARIS<\/td><\/tr><tr><td class=\"has-text-align-center\" data-align=\"center\">1987<\/td><td class=\"has-text-align-center\" data-align=\"center\">CLERMONT FERRAND<\/td><td class=\"has-text-align-center\" data-align=\"center\">1988<\/td><td class=\"has-text-align-center\" data-align=\"center\">SAINT TULLE<\/td><\/tr><\/tbody><\/table><\/figure>\n\n\n\n<p><strong>BUREAU<\/strong> <em>(1989-2000)<\/em> : <strong><em>Pr\u00e9sident : Georges PILTANT<\/em><\/strong>, <em><strong>Secr\u00e9taire : Paul STIZIA<\/strong>, <strong>Tr\u00e9sorier : <em><strong>Jacques SAUTER<\/strong><\/em><\/strong><\/em><\/p>\n\n\n\n<figure class=\"wp-block-table\"><table class=\"has-fixed-layout\"><thead><tr><th class=\"has-text-align-center\" data-align=\"center\">Ann\u00e9e<\/th><th class=\"has-text-align-center\" data-align=\"center\">Ville<\/th><th class=\"has-text-align-center\" data-align=\"center\">Ann\u00e9e<\/th><th class=\"has-text-align-center\" data-align=\"center\">Ville<\/th><\/tr><\/thead><tbody><tr><td class=\"has-text-align-center\" data-align=\"center\">1989<\/td><td class=\"has-text-align-center\" data-align=\"center\">PARIS<\/td><td class=\"has-text-align-center\" data-align=\"center\">1990<\/td><td class=\"has-text-align-center\" data-align=\"center\">AMBOISE<\/td><\/tr><tr><td class=\"has-text-align-center\" data-align=\"center\">1991<\/td><td class=\"has-text-align-center\" data-align=\"center\">PARIS<\/td><td class=\"has-text-align-center\" data-align=\"center\">1992<\/td><td class=\"has-text-align-center\" data-align=\"center\">MULHOUSE<\/td><\/tr><tr><td class=\"has-text-align-center\" data-align=\"center\">1993<\/td><td class=\"has-text-align-center\" data-align=\"center\">PARIS<\/td><td class=\"has-text-align-center\" data-align=\"center\">1994<\/td><td class=\"has-text-align-center\" data-align=\"center\">SAINT RAPHAEL<\/td><\/tr><tr><td class=\"has-text-align-center\" data-align=\"center\">1995<\/td><td class=\"has-text-align-center\" data-align=\"center\">PARIS<\/td><td class=\"has-text-align-center\" data-align=\"center\">1996<\/td><td class=\"has-text-align-center\" data-align=\"center\">CLERMONT FERRAND<\/td><\/tr><tr><td class=\"has-text-align-center\" data-align=\"center\">1997<\/td><td class=\"has-text-align-center\" data-align=\"center\">COURBEVOIE<\/td><td class=\"has-text-align-center\" data-align=\"center\">1998<\/td><td class=\"has-text-align-center\" data-align=\"center\">PARIS<\/td><\/tr><tr><td class=\"has-text-align-center\" data-align=\"center\">1999<\/td><td class=\"has-text-align-center\" data-align=\"center\">PARIS<\/td><td class=\"has-text-align-center\" data-align=\"center\"><\/td><td class=\"has-text-align-center\" data-align=\"center\"><\/td><\/tr><\/tbody><\/table><\/figure>\n\n\n\n<p><strong>BUREAU<\/strong> <em>(2000-2004)<\/em> : <strong><em>Pr\u00e9sident : Richard MURAT<\/em><\/strong>, <em><strong>Secr\u00e9taire : Jean Pierre LAMARRE<\/strong>, <strong>Tr\u00e9sorier : <em><strong>Jacques SAUTER<\/strong><\/em><\/strong><\/em><\/p>\n\n\n\n<figure class=\"wp-block-table\"><table class=\"has-fixed-layout\"><thead><tr><th class=\"has-text-align-center\" data-align=\"center\">Ann\u00e9e<\/th><th class=\"has-text-align-center\" data-align=\"center\">Ville<\/th><th class=\"has-text-align-center\" data-align=\"center\">Ann\u00e9e<\/th><th class=\"has-text-align-center\" data-align=\"center\">Ville<\/th><\/tr><\/thead><tbody><tr><td class=\"has-text-align-center\" data-align=\"center\">2000<\/td><td class=\"has-text-align-center\" data-align=\"center\">VILLNEUVE SUR LOT<\/td><td class=\"has-text-align-center\" data-align=\"center\">2001<\/td><td class=\"has-text-align-center\" data-align=\"center\">PARIS<\/td><\/tr><tr><td class=\"has-text-align-center\" data-align=\"center\">2002<\/td><td class=\"has-text-align-center\" data-align=\"center\">POITIERS<\/td><td class=\"has-text-align-center\" data-align=\"center\">2003<\/td><td class=\"has-text-align-center\" data-align=\"center\">NANTERRE<\/td><\/tr><tr><td class=\"has-text-align-center\" data-align=\"center\">2004<\/td><td class=\"has-text-align-center\" data-align=\"center\">PARIS<\/td><td class=\"has-text-align-center\" data-align=\"center\"><\/td><td class=\"has-text-align-center\" data-align=\"center\"><\/td><\/tr><\/tbody><\/table><\/figure>\n\n\n\n<p class=\"has-text-align-left\"><strong>BUREAU<\/strong> (<em>2004-2013)<\/em> : <em><strong>Pr\u00e9sident : Jacques SAUTER<\/strong>, <strong>Secr\u00e9taire : Jean Pierre LAMARRE<\/strong>, <strong>Tr\u00e9soriers : Jacques SAUVAGE<em> <\/em><\/strong>(2004-2009)<em> puis <\/em><strong> Michel FOUCHER<\/strong><\/em><\/p>\n\n\n\n<figure class=\"wp-block-table\"><table class=\"has-fixed-layout\"><thead><tr><th class=\"has-text-align-center\" data-align=\"center\">Ann\u00e9e<\/th><th class=\"has-text-align-center\" data-align=\"center\">Ville<\/th><th class=\"has-text-align-center\" data-align=\"center\">Ann\u00e9e<\/th><th class=\"has-text-align-center\" data-align=\"center\">Ville<\/th><\/tr><\/thead><tbody><tr><td class=\"has-text-align-center\" data-align=\"center\">2005<\/td><td class=\"has-text-align-center\" data-align=\"center\">PARIS<\/td><td class=\"has-text-align-center\" data-align=\"center\">2006<\/td><td class=\"has-text-align-center\" data-align=\"center\">CERET<\/td><\/tr><tr><td class=\"has-text-align-center\" data-align=\"center\">2007<\/td><td class=\"has-text-align-center\" data-align=\"center\">PARIS<\/td><td class=\"has-text-align-center\" data-align=\"center\">2008<\/td><td class=\"has-text-align-center\" data-align=\"center\">SAINT LOUIS<\/td><\/tr><tr><td class=\"has-text-align-center\" data-align=\"center\">2009<\/td><td class=\"has-text-align-center\" data-align=\"center\">PARIS<\/td><td class=\"has-text-align-center\" data-align=\"center\">2010<\/td><td class=\"has-text-align-center\" data-align=\"center\">LE PUY EN VELAY<\/td><\/tr><tr><td class=\"has-text-align-center\" data-align=\"center\">2011<\/td><td class=\"has-text-align-center\" data-align=\"center\">PARIS<\/td><td class=\"has-text-align-center\" data-align=\"center\">2012<\/td><td class=\"has-text-align-center\" data-align=\"center\">&#8211;<\/td><\/tr><\/tbody><\/table><\/figure>\n\n\n\n<p><strong>BUREAU<\/strong> <em>(2013-2026)<\/em> : <em><strong>Pr\u00e9sident : Fran\u00e7ois CASTELEYN<\/strong>, <strong>Secr\u00e9taires : Jean Pierre LAMARRE<\/strong> (2000-2019) puis <strong>Georges SERRA <\/strong>(2019-2022) puis <strong>Salah BELHADJ, Tr\u00e9sorier : Michel FOUCHER<\/strong><\/em><\/p>\n\n\n\n<figure class=\"wp-block-table\"><table class=\"has-fixed-layout\"><thead><tr><th class=\"has-text-align-center\" data-align=\"center\">Ann\u00e9e<\/th><th class=\"has-text-align-center\" data-align=\"center\">Ville<\/th><th class=\"has-text-align-center\" data-align=\"center\">Ann\u00e9e<\/th><th class=\"has-text-align-center\" data-align=\"center\">Ville<\/th><\/tr><\/thead><tbody><tr><td class=\"has-text-align-center\" data-align=\"center\">2013<\/td><td class=\"has-text-align-center\" data-align=\"center\">AMIENS<\/td><td class=\"has-text-align-center\" data-align=\"center\">2014<\/td><td class=\"has-text-align-center\" data-align=\"center\">PARIS<\/td><\/tr><tr><td class=\"has-text-align-center\" data-align=\"center\">2015<\/td><td class=\"has-text-align-center\" data-align=\"center\">PARIS<\/td><td class=\"has-text-align-center\" data-align=\"center\">2016<\/td><td class=\"has-text-align-center\" data-align=\"center\">PARIS<\/td><\/tr><tr><td class=\"has-text-align-center\" data-align=\"center\">2017<\/td><td class=\"has-text-align-center\" data-align=\"center\">PARIS<\/td><td class=\"has-text-align-center\" data-align=\"center\">2018<\/td><td class=\"has-text-align-center\" data-align=\"center\">PARIS<\/td><\/tr><tr><td class=\"has-text-align-center\" data-align=\"center\">2019<\/td><td class=\"has-text-align-center\" data-align=\"center\">SENS<\/td><td class=\"has-text-align-center\" data-align=\"center\">2020<\/td><td class=\"has-text-align-center\" data-align=\"center\">&#8211;<\/td><\/tr><tr><td class=\"has-text-align-center\" data-align=\"center\">2021<\/td><td class=\"has-text-align-center\" data-align=\"center\">PARIS<\/td><td class=\"has-text-align-center\" data-align=\"center\">2022<\/td><td class=\"has-text-align-center\" data-align=\"center\">PARIS<\/td><\/tr><tr><td class=\"has-text-align-center\" data-align=\"center\">2023<\/td><td class=\"has-text-align-center\" data-align=\"center\">PARIS<\/td><td class=\"has-text-align-center\" data-align=\"center\">2024<\/td><td class=\"has-text-align-center\" data-align=\"center\">PARIS<\/td><\/tr><tr><td class=\"has-text-align-center\" data-align=\"center\">2025<\/td><td class=\"has-text-align-center\" data-align=\"center\">PARIS<\/td><td class=\"has-text-align-center\" data-align=\"center\"><\/td><td class=\"has-text-align-center\" data-align=\"center\"><\/td><\/tr><\/tbody><\/table><\/figure>\n\n\n\n<p><\/p>\n","protected":false},"excerpt":{"rendered":"<p>Voici les lieux et dates des diff\u00e9rentes assembles g\u00e9n\u00e9rales de l&rsquo;association : BUREAU (1976-1983) : Pr\u00e9sident : Gilbert GOUDARD, Secr\u00e9taire : Pierre Jean BARRAT, Tr\u00e9sorier : Paul STIZIA Ann\u00e9e Ville Ann\u00e9e Ville 1976 PARIS 1977 NANTERRE 1978 NANTERRE 1979 LA GUERCHE SUR L&rsquo;AUBOIS 1980 PROVINS 1981 TROYES 1982 NANTERRE BUREAU (1983-1989) : Pr\u00e9sident : Claude [&hellip;]<\/p>\n","protected":false},"author":1,"featured_media":0,"parent":31,"menu_order":2,"comment_status":"closed","ping_status":"closed","template":"","meta":{"footnotes":""},"class_list":["post-702","page","type-page","status-publish","hentry"],"_links":{"self":[{"href":"https:\/\/phil-ea.fr\/index.php\/wp-json\/wp\/v2\/pages\/702","targetHints":{"allow":["GET"]}}],"collection":[{"href":"https:\/\/phil-ea.fr\/index.php\/wp-json\/wp\/v2\/pages"}],"about":[{"href":"https:\/\/phil-ea.fr\/index.php\/wp-json\/wp\/v2\/types\/page"}],"author":[{"embeddable":true,"href":"https:\/\/phil-ea.fr\/index.php\/wp-json\/wp\/v2\/users\/1"}],"replies":[{"embeddable":true,"href":"https:\/\/phil-ea.fr\/index.php\/wp-json\/wp\/v2\/comments?post=702"}],"version-history":[{"count":37,"href":"https:\/\/phil-ea.fr\/index.php\/wp-json\/wp\/v2\/pages\/702\/revisions"}],"predecessor-version":[{"id":1007,"href":"https:\/\/phil-ea.fr\/index.php\/wp-json\/wp\/v2\/pages\/702\/revisions\/1007"}],"up":[{"embeddable":true,"href":"https:\/\/phil-ea.fr\/index.php\/wp-json\/wp\/v2\/pages\/31"}],"wp:attachment":[{"href":"https:\/\/phil-ea.fr\/index.php\/wp-json\/wp\/v2\/media?parent=702"}],"curies":[{"name":"wp","href":"https:\/\/api.w.org\/{rel}","templated":true}]}}